{"id":644,"date":"2021-12-14T14:50:56","date_gmt":"2021-12-14T18:50:56","guid":{"rendered":"https:\/\/glmedia.tech\/?page_id=644"},"modified":"2021-12-30T09:25:21","modified_gmt":"2021-12-30T13:25:21","slug":"lighting","status":"publish","type":"page","link":"https:\/\/glmedia.tech\/es\/lighting\/","title":{"rendered":"Iluminaci\u00f3n"},"content":{"rendered":"<style type=\"text\/css\">\r\n\t\t\t\t\t\t\t.hbupro-hero-banner-wrp-1 .hbupro-hero-banner{ background-image: url(https:\/\/glmedia.tech\/wp-content\/uploads\/2021\/10\/cropped-cropped-20180224_202938_HDR-scaled-2.jpg);background-size: cover;background-position: 50% center;background-attachment: fixed}\r\n\t\t\t\t\t\t\t.hbupro-hero-banner-wrp-1 .hbupro-hero-banner .hbupro-hero-banner-inner{background-color:#1e73be;opacity: 0.2;}\r\n\t\t\t\t\t\t.hbupro-hero-banner-wrp-1 .hbupro-hero-banner-inner-wrap{max-width: 1310px;}\r\n\t\t\t.hbupro-hero-banner-wrp-1 .hbupro-hero-banner h2.hbupro-hero-banner-title{font-size: 40px !important;line-height: 40px !important;color: #ffffff }\r\n\t\t\t.hbupro-hero-banner-wrp-1 .hbupro-hero-banner .hbupro-hero-banner-sub-title p, .hbupro-hero-banner-wrp-1 .hbupro-hero-banner .hbupro-hero-banner-sub-title{font-size: 20px !important;color: #ffffff}\r\n\t\t\t.hbupro-hero-banner-wrp-1 .hbupro-hero-banner-inner{padding: 150px 0px 150px 0px}\r\n\t\t<\/style>\r\n\r\n\t\t\r\n\t\t<div class=\"hbupro-hero-banner-wrp-1 hbupro-clearfix hbupro-layout-3\">\r\n\t\t\t<div class=\"hbupro-hero-banner hbupro-clearfix\">\r\n\r\n\t\t\t\r\n<div class=\"hbupro-hero-banner-inner hbupro-clearfix\">\r\n\t<div class=\"hbupro-hero-banner-inner-wrap\">\t\r\n\t\t<div class=\"hbupro-medium-6 hbupro-columns hbupro-hero-content-position hbupro-text-left\">\r\n\r\n\t\t\t<h2 class=\"hbupro-hero-banner-title\">ILUMINACI\u00d3N<\/h2>\r\n\t\t\t<div class=\"hbupro-hero-banner-sub-title\">DISE\u00d1ANDO PUESTAS UNICAS Y DE EXCELENCIA<\/div>\r\n\r\n\t\t\t\r\n\t\t<\/div>\r\n\t<\/div>\r\n<\/div>\t\t\t<\/div>\r\n\t\t<\/div>\r\n\r\n\t\n\n\n\n<div class=\"wp-block-columns is-layout-flex wp-container-core-columns-is-layout-9d6595d7 wp-block-columns-is-layout-flex\">\n<div class=\"wp-block-column column-content is-layout-flow wp-block-column-is-layout-flow\">\n<p><strong>DESARROLLAMOS PROYECTOS DE CAR\u00c1CTER INTEGRAL DONDE CADA EQUIPO DE \u00daLTIMA GENERACI\u00d3N FORMA PARTE DE UN CONJUNTO IMPACTANTE.<\/strong><\/p>\n\n\n\n<p>La suma de nuestro personal altamente calificado y nuestro equipamiento de \u00faltima generaci\u00f3n logran el \u00e9xito en cada uno de nuestros shows y espect\u00e1culos.<\/p>\n\n\n<div class=\"wp-block-visual-portfolio\">\n<div class=\"vp-portfolio vp-uid-438dc4f7 vp-id-aDScj\"\n\tdata-vp-layout=\"tiles\" data-vp-content-source=\"images\" data-vp-items-style=\"fade\" data-vp-items-click-action=\"popup_gallery\" data-vp-items-gap=\"15\" data-vp-items-gap-vertical=\"\" data-vp-pagination=\"load-more\" data-vp-next-page-url=\"\" data-vp-tiles-type=\"4|1,1|1,1.34|1,1|1,1.34|1,1.34|1,1.34|1,1|1,1|\" >\n\t<div class=\"vp-portfolio__preloader-wrap\">\n\t\t<div class=\"vp-portfolio__preloader\">\n\t\t\t<img decoding=\"async\" loading=\"eager\" src=\"https:\/\/glmedia.tech\/wp-content\/plugins\/visual-portfolio\/assets\/images\/logo-dark.svg\" alt=\"Visual Portfolio, Posts &amp; Image Gallery para WordPress\" width=\"20\" height=\"20\" data-skip-lazy>\n\t\t<\/div>\n\t<\/div>\n\t\t<div class=\"vp-portfolio__items-wrap\">\n\t\t\t\n<div class=\"vp-portfolio__items vp-portfolio__items-style-fade vp-portfolio__items-show-overlay-hover\">\n\n\t\t<div\t\tclass=\"vp-portfolio__item-wrap vp-portfolio__item-uid-59a11cd6\" data-vp-filter=\"\" \t\t>\n\t\t\t<template class=\"vp-portfolio__item-popup\" data-vp-popup-img=\"https:\/\/glmedia.tech\/wp-content\/uploads\/2021\/12\/lighting-1.jpg\" data-vp-popup-img-srcset=\"https:\/\/glmedia.tech\/wp-content\/uploads\/2021\/12\/lighting-1.jpg 1000w, https:\/\/glmedia.tech\/wp-content\/uploads\/2021\/12\/lighting-1-18x10.jpg 18w, https:\/\/glmedia.tech\/wp-content\/uploads\/2021\/12\/lighting-1-500x282.jpg 500w, https:\/\/glmedia.tech\/wp-content\/uploads\/2021\/12\/lighting-1-800x450.jpg 800w, https:\/\/glmedia.tech\/wp-content\/uploads\/2021\/12\/lighting-1-300x169.jpg 300w, https:\/\/glmedia.tech\/wp-content\/uploads\/2021\/12\/lighting-1-768x432.jpg 768w\" data-vp-popup-img-size=\"1000x563\" data-vp-popup-md-img=\"https:\/\/glmedia.tech\/wp-content\/uploads\/2021\/12\/lighting-1-800x450.jpg\" data-vp-popup-md-img-size=\"800x450\" data-vp-popup-sm-img=\"https:\/\/glmedia.tech\/wp-content\/uploads\/2021\/12\/lighting-1-500x282.jpg\" data-vp-popup-sm-img-size=\"500x282\">\n\t\t\t<h3 class=\"vp-portfolio__item-popup-title\">Iluminaci\u00f3n<\/h3>\n\t\t<\/template>\n\t\t\t\t\t\t<figure class=\"vp-portfolio__item\">\n\t\t\t\t\n<div class=\"vp-portfolio__item-img-wrap\">\n\t<div class=\"vp-portfolio__item-img\">\n\t\t\t<a\n\t\thref=\"https:\/\/glmedia.tech\/wp-content\/uploads\/2021\/12\/lighting-1.jpg\"\n\t\t\t>\n\t\n\t\t<noscript><img loading=\"lazy\" decoding=\"async\" width=\"1000\" height=\"563\" data-skip-lazy src=\"https:\/\/glmedia.tech\/wp-content\/uploads\/2021\/12\/lighting-1.jpg\" class=\"wp-image-761\" alt=\"\" srcset=\"https:\/\/glmedia.tech\/wp-content\/uploads\/2021\/12\/lighting-1.jpg 1000w, https:\/\/glmedia.tech\/wp-content\/uploads\/2021\/12\/lighting-1-18x10.jpg 18w, https:\/\/glmedia.tech\/wp-content\/uploads\/2021\/12\/lighting-1-500x282.jpg 500w, https:\/\/glmedia.tech\/wp-content\/uploads\/2021\/12\/lighting-1-800x450.jpg 800w, https:\/\/glmedia.tech\/wp-content\/uploads\/2021\/12\/lighting-1-300x169.jpg 300w, https:\/\/glmedia.tech\/wp-content\/uploads\/2021\/12\/lighting-1-768x432.jpg 768w\" sizes=\"auto, (max-width: 1000px) 100vw, 1000px\" \/><\/noscript><img fetchpriority=\"high\" decoding=\"async\" width=\"1000\" height=\"563\" src=\"https:\/\/glmedia.tech\/wp-content\/uploads\/2021\/12\/lighting-1.jpg\" class=\"wp-image-761 vp-lazyload\" alt srcset=\"data:image\/svg+xml;base64,PHN2ZyB3aWR0aD0iMTAwMCIgaGVpZ2h0PSI1NjMiIHZpZXdCb3g9IjAgMCAxMDAwIDU2MyIgZmlsbD0ibm9uZSIgeG1sbnM9Imh0dHA6Ly93d3cudzMub3JnLzIwMDAvc3ZnIj48L3N2Zz4=\" data-src=\"https:\/\/glmedia.tech\/wp-content\/uploads\/2021\/12\/lighting-1.jpg\" data-srcset=\"https:\/\/glmedia.tech\/wp-content\/uploads\/2021\/12\/lighting-1.jpg 1000w, https:\/\/glmedia.tech\/wp-content\/uploads\/2021\/12\/lighting-1-18x10.jpg 18w, https:\/\/glmedia.tech\/wp-content\/uploads\/2021\/12\/lighting-1-500x282.jpg 500w, https:\/\/glmedia.tech\/wp-content\/uploads\/2021\/12\/lighting-1-800x450.jpg 800w, https:\/\/glmedia.tech\/wp-content\/uploads\/2021\/12\/lighting-1-300x169.jpg 300w, https:\/\/glmedia.tech\/wp-content\/uploads\/2021\/12\/lighting-1-768x432.jpg 768w\" data-sizes=\"auto\" loading=\"eager\">\n\t\t<\/a>\t<\/div>\n<\/div>\n\t<figcaption class=\"vp-portfolio__item-overlay vp-portfolio__item-overlay-text-align-center\">\n\t\t<div class=\"vp-portfolio__item-meta-wrap vp-portfolio__custom-scrollbar\">\n\t\t\t\t<a\n\t\thref=\"https:\/\/glmedia.tech\/wp-content\/uploads\/2021\/12\/lighting-1.jpg\"\n\t\ttabindex=\"-1\" class=\"vp-portfolio__item-meta\" \t>\n\t\n<h2 class=\"vp-portfolio__item-meta-title\">\n\tIluminaci\u00f3n<\/h2>\n<\/a>\t\t<\/div>\n\t<\/figcaption>\n\t\t\t<\/figure>\n\t\t\t\t\t<\/div>\n\t\t\n\t\t<div\t\tclass=\"vp-portfolio__item-wrap vp-portfolio__item-uid-78142a09\" data-vp-filter=\"\" \t\t>\n\t\t\t<template class=\"vp-portfolio__item-popup\" data-vp-popup-img=\"https:\/\/glmedia.tech\/wp-content\/uploads\/2021\/12\/lighting-2.jpg\" data-vp-popup-img-srcset=\"https:\/\/glmedia.tech\/wp-content\/uploads\/2021\/12\/lighting-2.jpg 1000w, https:\/\/glmedia.tech\/wp-content\/uploads\/2021\/12\/lighting-2-13x12.jpg 13w, https:\/\/glmedia.tech\/wp-content\/uploads\/2021\/12\/lighting-2-500x459.jpg 500w, https:\/\/glmedia.tech\/wp-content\/uploads\/2021\/12\/lighting-2-800x734.jpg 800w, https:\/\/glmedia.tech\/wp-content\/uploads\/2021\/12\/lighting-2-300x275.jpg 300w, https:\/\/glmedia.tech\/wp-content\/uploads\/2021\/12\/lighting-2-768x704.jpg 768w\" data-vp-popup-img-size=\"1000x917\" data-vp-popup-md-img=\"https:\/\/glmedia.tech\/wp-content\/uploads\/2021\/12\/lighting-2-800x734.jpg\" data-vp-popup-md-img-size=\"800x734\" data-vp-popup-sm-img=\"https:\/\/glmedia.tech\/wp-content\/uploads\/2021\/12\/lighting-2-500x459.jpg\" data-vp-popup-sm-img-size=\"500x459\">\n\t\t\t<h3 class=\"vp-portfolio__item-popup-title\">Iluminaci\u00f3n<\/h3>\n\t\t<\/template>\n\t\t\t\t\t\t<figure class=\"vp-portfolio__item\">\n\t\t\t\t\n<div class=\"vp-portfolio__item-img-wrap\">\n\t<div class=\"vp-portfolio__item-img\">\n\t\t\t<a\n\t\thref=\"https:\/\/glmedia.tech\/wp-content\/uploads\/2021\/12\/lighting-2.jpg\"\n\t\t\t>\n\t\n\t\t<noscript><img loading=\"lazy\" decoding=\"async\" width=\"1000\" height=\"917\" data-skip-lazy src=\"https:\/\/glmedia.tech\/wp-content\/uploads\/2021\/12\/lighting-2.jpg\" class=\"wp-image-762\" alt=\"\" srcset=\"https:\/\/glmedia.tech\/wp-content\/uploads\/2021\/12\/lighting-2.jpg 1000w, https:\/\/glmedia.tech\/wp-content\/uploads\/2021\/12\/lighting-2-13x12.jpg 13w, https:\/\/glmedia.tech\/wp-content\/uploads\/2021\/12\/lighting-2-500x459.jpg 500w, https:\/\/glmedia.tech\/wp-content\/uploads\/2021\/12\/lighting-2-800x734.jpg 800w, https:\/\/glmedia.tech\/wp-content\/uploads\/2021\/12\/lighting-2-300x275.jpg 300w, https:\/\/glmedia.tech\/wp-content\/uploads\/2021\/12\/lighting-2-768x704.jpg 768w\" sizes=\"auto, (max-width: 1000px) 100vw, 1000px\" \/><\/noscript><img decoding=\"async\" width=\"1000\" height=\"917\" src=\"https:\/\/glmedia.tech\/wp-content\/uploads\/2021\/12\/lighting-2.jpg\" class=\"wp-image-762 vp-lazyload\" alt srcset=\"data:image\/svg+xml;base64,PHN2ZyB3aWR0aD0iMTAwMCIgaGVpZ2h0PSI5MTciIHZpZXdCb3g9IjAgMCAxMDAwIDkxNyIgZmlsbD0ibm9uZSIgeG1sbnM9Imh0dHA6Ly93d3cudzMub3JnLzIwMDAvc3ZnIj48L3N2Zz4=\" data-src=\"https:\/\/glmedia.tech\/wp-content\/uploads\/2021\/12\/lighting-2.jpg\" data-srcset=\"https:\/\/glmedia.tech\/wp-content\/uploads\/2021\/12\/lighting-2.jpg 1000w, https:\/\/glmedia.tech\/wp-content\/uploads\/2021\/12\/lighting-2-13x12.jpg 13w, https:\/\/glmedia.tech\/wp-content\/uploads\/2021\/12\/lighting-2-500x459.jpg 500w, https:\/\/glmedia.tech\/wp-content\/uploads\/2021\/12\/lighting-2-800x734.jpg 800w, https:\/\/glmedia.tech\/wp-content\/uploads\/2021\/12\/lighting-2-300x275.jpg 300w, https:\/\/glmedia.tech\/wp-content\/uploads\/2021\/12\/lighting-2-768x704.jpg 768w\" data-sizes=\"auto\" loading=\"eager\">\n\t\t<\/a>\t<\/div>\n<\/div>\n\t<figcaption class=\"vp-portfolio__item-overlay vp-portfolio__item-overlay-text-align-center\">\n\t\t<div class=\"vp-portfolio__item-meta-wrap vp-portfolio__custom-scrollbar\">\n\t\t\t\t<a\n\t\thref=\"https:\/\/glmedia.tech\/wp-content\/uploads\/2021\/12\/lighting-2.jpg\"\n\t\ttabindex=\"-1\" class=\"vp-portfolio__item-meta\" \t>\n\t\n<h2 class=\"vp-portfolio__item-meta-title\">\n\tIluminaci\u00f3n<\/h2>\n<\/a>\t\t<\/div>\n\t<\/figcaption>\n\t\t\t<\/figure>\n\t\t\t\t\t<\/div>\n\t\t\n<\/div>\n\t\t<\/div>\n\t\t\n<\/div>\n<\/div>\n\n\n<div class=\"wp-block-columns is-layout-flex wp-container-core-columns-is-layout-9d6595d7 wp-block-columns-is-layout-flex\">\n<div class=\"wp-block-column is-layout-flow wp-block-column-is-layout-flow\"><\/div>\n<\/div>\n<\/div>\n<\/div>\n\n\n\n<p><\/p>\n\n\n\n<p><\/p>","protected":false},"excerpt":{"rendered":"<p>WE DEVELOP COMPREHENSIVE PROJECTS WHERE EACH LAST-GENERATION EQUIPMENT IS PART OF AN IMPACTING SET. The sum of our highly qualified staff and our state-of-the-art equipment achieve success in each of our shows.<\/p>","protected":false},"author":1,"featured_media":0,"parent":0,"menu_order":0,"comment_status":"closed","ping_status":"closed","template":"fullwidth.php","meta":{"_vp_format_video_url":"","_vp_image_focal_point":[],"footnotes":""},"class_list":["post-644","page","type-page","status-publish","hentry"],"_links":{"self":[{"href":"https:\/\/glmedia.tech\/es\/wp-json\/wp\/v2\/pages\/644","targetHints":{"allow":["GET"]}}],"collection":[{"href":"https:\/\/glmedia.tech\/es\/wp-json\/wp\/v2\/pages"}],"about":[{"href":"https:\/\/glmedia.tech\/es\/wp-json\/wp\/v2\/types\/page"}],"author":[{"embeddable":true,"href":"https:\/\/glmedia.tech\/es\/wp-json\/wp\/v2\/users\/1"}],"replies":[{"embeddable":true,"href":"https:\/\/glmedia.tech\/es\/wp-json\/wp\/v2\/comments?post=644"}],"version-history":[{"count":10,"href":"https:\/\/glmedia.tech\/es\/wp-json\/wp\/v2\/pages\/644\/revisions"}],"predecessor-version":[{"id":787,"href":"https:\/\/glmedia.tech\/es\/wp-json\/wp\/v2\/pages\/644\/revisions\/787"}],"wp:attachment":[{"href":"https:\/\/glmedia.tech\/es\/wp-json\/wp\/v2\/media?parent=644"}],"curies":[{"name":"wp","href":"https:\/\/api.w.org\/{rel}","templated":true}]}}